{"id":272,"date":"2021-05-30T13:49:29","date_gmt":"2021-05-30T17:49:29","guid":{"rendered":"https:\/\/risklogics.org\/?page_id=272"},"modified":"2025-03-11T21:47:24","modified_gmt":"2025-03-12T01:47:24","slug":"risk-and-responsibilized-consumption","status":"publish","type":"page","link":"https:\/\/risklogics.org\/fr\/risk-and-responsibilized-consumption\/","title":{"rendered":"Risk and Responsibilized Consumption"},"content":{"rendered":"<figure class=\"wp-block-gallery has-nested-images columns-default is-cropped wp-block-gallery-1 is-layout-flex wp-block-gallery-is-layout-flex\">\n<figure class=\"wp-block-image size-large\"><img data-recalc-dims=\"1\" loading=\"lazy\" decoding=\"async\" width=\"712\" height=\"522\" data-attachment-id=\"305\" data-permalink=\"https:\/\/risklogics.org\/fr\/risk-and-responsibilized-consumption\/jeu-responsable\/\" data-orig-file=\"https:\/\/i0.wp.com\/risklogics.org\/wp-content\/uploads\/2021\/05\/jeu-responsable.png?fit=768%2C563&amp;ssl=1\" data-orig-size=\"768,563\" data-comments-opened=\"1\" data-image-meta=\"{&quot;aperture&quot;:&quot;0&quot;,&quot;credit&quot;:&quot;&quot;,&quot;camera&quot;:&quot;&quot;,&quot;caption&quot;:&quot;&quot;,&quot;created_timestamp&quot;:&quot;0&quot;,&quot;copyright&quot;:&quot;&quot;,&quot;focal_length&quot;:&quot;0&quot;,&quot;iso&quot;:&quot;0&quot;,&quot;shutter_speed&quot;:&quot;0&quot;,&quot;title&quot;:&quot;&quot;,&quot;orientation&quot;:&quot;0&quot;}\" data-image-title=\"jeu responsable\" data-image-description=\"\" data-image-caption=\"\" data-large-file=\"https:\/\/i0.wp.com\/risklogics.org\/wp-content\/uploads\/2021\/05\/jeu-responsable.png?fit=712%2C522&amp;ssl=1\" data-id=\"305\" src=\"https:\/\/i0.wp.com\/risklogics.org\/wp-content\/uploads\/2021\/05\/jeu-responsable.png?resize=712%2C522&#038;ssl=1\" alt=\"\" class=\"wp-image-305\"\/><\/figure>\n<\/figure>\n\n\n\n<h6 class=\"wp-block-heading\">Funded by the Fonds de Recherche du Qu\u00e9bec &#8211; Soci\u00e9t\u00e9 et Culture (FRQSC) and the Social Sciences and Humanities Research Council (SSHRC)<\/h6>\n\n\n\n<p class=\"wp-block-paragraph\">Games of chance have changed in some significant ways over the past decade. Once primarily the province of casinos, they can now be accessed virtually anywhere, anytime, via personal computers and mobile phones. This transformation diminishes traditional distinctions between gambling and gaming, and poses challenges for responsible gambling interventions that were designed to regulate play in casino settings. At the same time, the digital era has created novel opportunities to develop responsible gaming practices and cultures. New digital and mobile mediums of play enable analyses of player behaviour at a very granular level. New data-mining and analytic tools can be leveraged to identify risk practices, and to correlate micro-behaviours with macro-level socio-environmental and socio-political dynamics. Broadly situated within the sociology of risk, this project uses diverse methods to 1) understand emergent risk practices in the digital era, and 2) develop new approaches to responsible gaming adapted to the digital era.<\/p>\n\n\n\n<hr class=\"wp-block-separator has-alpha-channel-opacity\"\/>\n\n\n\n<div class=\"wp-block-buttons is-content-justification-center is-layout-flex wp-container-core-buttons-is-layout-fe48e5de wp-block-buttons-is-layout-flex\">\n<div class=\"wp-block-button\"><a class=\"wp-block-button__link has-secondary-background-color has-background wp-element-button\" href=\"https:\/\/risklogics.org\/fr\/jren-team-members-2\/\">Members<\/a><\/div>\n<\/div>","protected":false},"excerpt":{"rendered":"<p>Funded by the Fonds de Recherche du Qu\u00e9bec &#8211; Soci\u00e9t\u00e9 et Culture (FRQSC) and the Social Sciences and Humanities Research Council (SSHRC) Games of chance have changed in some significant ways over the past decade. Once primarily the province of casinos, they can now be accessed virtually anywhere, anytime, via personal computers and mobile phones. &hellip; <a href=\"https:\/\/risklogics.org\/fr\/risk-and-responsibilized-consumption\/\" class=\"more-link\">Continuer la lecture de <span class=\"screen-reader-text\">Risk and Responsibilized Consumption<\/span><\/a><\/p>","protected":false},"author":127400573,"featured_media":0,"parent":0,"menu_order":0,"comment_status":"closed","ping_status":"closed","template":"","meta":{"_editorskit_title_hidden":false,"_editorskit_reading_time":1,"_editorskit_is_block_options_detached":false,"_editorskit_block_options_position":"{}","_coblocks_attr":"","_coblocks_dimensions":"","_coblocks_responsive_height":"","_coblocks_accordion_ie_support":"","_crdt_document":"","advanced_seo_description":"","jetpack_seo_html_title":"","jetpack_seo_noindex":false,"footnotes":""},"tags":[],"class_list":["post-272","page","type-page","status-publish","hentry","no-featured-image"],"jetpack_likes_enabled":true,"jetpack_sharing_enabled":true,"jetpack_shortlink":"https:\/\/wp.me\/Pd3Xs2-4o","amp_enabled":true,"_links":{"self":[{"href":"https:\/\/risklogics.org\/fr\/wp-json\/wp\/v2\/pages\/272","targetHints":{"allow":["GET"]}}],"collection":[{"href":"https:\/\/risklogics.org\/fr\/wp-json\/wp\/v2\/pages"}],"about":[{"href":"https:\/\/risklogics.org\/fr\/wp-json\/wp\/v2\/types\/page"}],"author":[{"embeddable":true,"href":"https:\/\/risklogics.org\/fr\/wp-json\/wp\/v2\/users\/127400573"}],"replies":[{"embeddable":true,"href":"https:\/\/risklogics.org\/fr\/wp-json\/wp\/v2\/comments?post=272"}],"version-history":[{"count":8,"href":"https:\/\/risklogics.org\/fr\/wp-json\/wp\/v2\/pages\/272\/revisions"}],"predecessor-version":[{"id":5843,"href":"https:\/\/risklogics.org\/fr\/wp-json\/wp\/v2\/pages\/272\/revisions\/5843"}],"wp:attachment":[{"href":"https:\/\/risklogics.org\/fr\/wp-json\/wp\/v2\/media?parent=272"}],"wp:term":[{"taxonomy":"post_tag","embeddable":true,"href":"https:\/\/risklogics.org\/fr\/wp-json\/wp\/v2\/tags?post=272"}],"curies":[{"name":"wp","href":"https:\/\/api.w.org\/{rel}","templated":true}]}}