{"id":552,"date":"2021-06-29T10:30:49","date_gmt":"2021-06-29T14:30:49","guid":{"rendered":"https:\/\/risklogics.org\/?page_id=552"},"modified":"2025-11-11T06:09:32","modified_gmt":"2025-11-11T11:09:32","slug":"events","status":"publish","type":"page","link":"https:\/\/risklogics.org\/fr\/events\/","title":{"rendered":"Events"},"content":{"rendered":"<h2 class=\"wp-block-heading\" id=\"latest-events\"><mark style=\"background-color:rgba(0, 0, 0, 0)\" class=\"has-inline-color has-foreground-color\">Upcoming events<\/mark><\/h2>\n\n\n\n<p class=\"wp-block-paragraph\"><\/p>\n\n\n\n<p class=\"has-text-align-center wp-block-paragraph\"><strong>Symposium pour la p\u00e9dagogie de la confidentialit\u00e9 de donn\u00e9es<\/strong> <\/p>\n\n\n\n<p class=\"has-text-align-center wp-block-paragraph\"><strong>Conscience critique \u00e0 l'\u00e9gard des m\u00e9dias num\u00e9riques<\/strong><\/p>\n\n\n\n<p class=\"wp-block-paragraph\">Ce symposium rassemble des chercheurs avancant les connaissances sur la communication num\u00e9rique dans un context contemporaine, en mettant l'accent sur l'impact du profilage commercial sur l'identit\u00e9 et les relations sociales.<\/p>\n\n\n\n<p class=\"wp-block-paragraph\">Nous aborderons les sujets suivants:<\/p>\n\n\n\n<ul class=\"wp-block-list\">\n<li>La conception des jeux mobiles et autres applications en lien avec leur \u00e9conomie politique<\/li>\n\n\n\n<li>la commercialisation des expressions cr\u00e9atives de la population<\/li>\n\n\n\n<li>les p\u00e9dagogies con\u00e7ues pour sensibiliser la population aux capacit\u00e9s manipulatrices des technologies de profilage<\/li>\n<\/ul>\n\n\n\n<p class=\"wp-block-paragraph\">Ce symposium est gratuit et ouvert au public. Il s'agit d'un \u00e9v\u00e9nement en pr\u00e9sential<\/p>\n\n\n\n<figure class=\"wp-block-image size-large\"><img data-recalc-dims=\"1\" loading=\"lazy\" decoding=\"async\" width=\"712\" height=\"922\" data-attachment-id=\"7374\" data-permalink=\"https:\/\/risklogics.org\/fr\/events\/ppp_colorposter_v5\/\" data-orig-file=\"https:\/\/i0.wp.com\/risklogics.org\/wp-content\/uploads\/2025\/11\/PPP_colorposter_V5.png?fit=1545%2C2000&amp;ssl=1\" data-orig-size=\"1545,2000\" data-comments-opened=\"1\" data-image-meta=\"{&quot;aperture&quot;:&quot;0&quot;,&quot;credit&quot;:&quot;&quot;,&quot;camera&quot;:&quot;&quot;,&quot;caption&quot;:&quot;&quot;,&quot;created_timestamp&quot;:&quot;0&quot;,&quot;copyright&quot;:&quot;&quot;,&quot;focal_length&quot;:&quot;0&quot;,&quot;iso&quot;:&quot;0&quot;,&quot;shutter_speed&quot;:&quot;0&quot;,&quot;title&quot;:&quot;&quot;,&quot;orientation&quot;:&quot;0&quot;}\" data-image-title=\"PPP_colorposter_V5\" data-image-description=\"\" data-image-caption=\"\" data-large-file=\"https:\/\/i0.wp.com\/risklogics.org\/wp-content\/uploads\/2025\/11\/PPP_colorposter_V5.png?fit=712%2C922&amp;ssl=1\" src=\"https:\/\/i0.wp.com\/risklogics.org\/wp-content\/uploads\/2025\/11\/PPP_colorposter_V5.png?resize=712%2C922&#038;ssl=1\" alt=\"\" class=\"wp-image-7374\" srcset=\"https:\/\/i0.wp.com\/risklogics.org\/wp-content\/uploads\/2025\/11\/PPP_colorposter_V5.png?resize=791%2C1024&amp;ssl=1 791w, https:\/\/i0.wp.com\/risklogics.org\/wp-content\/uploads\/2025\/11\/PPP_colorposter_V5.png?resize=232%2C300&amp;ssl=1 232w, https:\/\/i0.wp.com\/risklogics.org\/wp-content\/uploads\/2025\/11\/PPP_colorposter_V5.png?resize=768%2C994&amp;ssl=1 768w, https:\/\/i0.wp.com\/risklogics.org\/wp-content\/uploads\/2025\/11\/PPP_colorposter_V5.png?resize=1187%2C1536&amp;ssl=1 1187w, https:\/\/i0.wp.com\/risklogics.org\/wp-content\/uploads\/2025\/11\/PPP_colorposter_V5.png?resize=1200%2C1553&amp;ssl=1 1200w, https:\/\/i0.wp.com\/risklogics.org\/wp-content\/uploads\/2025\/11\/PPP_colorposter_V5.png?resize=1080%2C1398&amp;ssl=1 1080w, https:\/\/i0.wp.com\/risklogics.org\/wp-content\/uploads\/2025\/11\/PPP_colorposter_V5.png?w=1545&amp;ssl=1 1545w, https:\/\/i0.wp.com\/risklogics.org\/wp-content\/uploads\/2025\/11\/PPP_colorposter_V5.png?w=1424&amp;ssl=1 1424w\" sizes=\"auto, (max-width: 712px) 100vw, 712px\" \/><\/figure>\n\n\n\n<p class=\"wp-block-paragraph\"><\/p>\n\n\n\n<h2 class=\"wp-block-heading\" id=\"latest-events\"><mark style=\"background-color:rgba(0, 0, 0, 0)\" class=\"has-inline-color has-foreground-color\">Recent events<\/mark><\/h2>\n\n\n\n<p class=\"wp-block-paragraph\">GAM(E)BLING GAME JAM<\/p>\n\n\n\n<p class=\"wp-block-paragraph\">What do you get when you braid together the interests of the&nbsp;<a href=\"https:\/\/tag.hexagram.ca\/\">Technoculture, Art and Games (TAG) Research Centre<\/a>, the&nbsp;<a href=\"https:\/\/www.concordia.ca\/research\/lifestyle-addiction\/teams\/hermes.html\">HERMES Research Team<\/a>, and the&nbsp;Pleasure Consuming Games Workshop Series? The GameBling Game Jam!<\/p>\n\n\n\n<p class=\"wp-block-paragraph\">In the latest workshop of the Pleasure Consuming Games series, four teams engaged in a game jam designed to deconstruct and prototype slot machine games.&nbsp;<\/p>\n\n\n\n<div class=\"wp-block-buttons is-layout-flex wp-block-buttons-is-layout-flex\">\n<div class=\"wp-block-button is-style-fill\"><a class=\"wp-block-button__link has-background-color has-primary-background-color has-text-color has-background wp-element-button\" href=\"https:\/\/tag.hexagram.ca\/events\/gameblingjam\/\">More information <\/a><\/div>\n<\/div>\n\n\n\n<h2 class=\"wp-block-heading\" id=\"past-events\"><mark style=\"background-color:rgba(0, 0, 0, 0)\" class=\"has-inline-color has-foreground-color\">Past events<\/mark><\/h2>\n\n\n\n<p class=\"wp-block-paragraph\">Click on the following options to learn more about events and activities organized by either Conconcordia University Risk Research Group or Risk and Responsibilized Consumption.<\/p>\n\n\n\n<div class=\"wp-block-buttons is-horizontal is-content-justification-left is-layout-flex wp-container-core-buttons-is-layout-39697d9b wp-block-buttons-is-layout-flex\">\n<div class=\"wp-block-button has-custom-width wp-block-button__width-25 is-style-fill\"><a class=\"wp-block-button__link wp-element-button\" href=\"https:\/\/risklogics.org\/fr\/events-concordia-university-risk-research-group\/\">Concordia University Risk Research Working Group<\/a><\/div>\n\n\n\n<div class=\"wp-block-button has-custom-width wp-block-button__width-25 is-style-fill\"><a class=\"wp-block-button__link wp-element-button\" href=\"https:\/\/risklogics.org\/fr\/events-risk-and-responsibilized-consumption\/\">Risk and Responsibilized Consumption<\/a><\/div>\n<\/div>\n\n\n\n<h2 class=\"wp-block-heading\" id=\"upcoming-events\"><\/h2>\n\n\n\n<p class=\"wp-block-paragraph\"><\/p>","protected":false},"excerpt":{"rendered":"<p>Upcoming events Privacy Pedagogies Symposium: Catalyzing Critical Consciousness About Mobile Media This symposium brings together researchers advancing scholarship on the contemporary nature of mobile-mediated digital communication, highlighting the impact of commercial profiling on people\u2019s identities and social relationships. We will focus on issues related to: This symposium is free and open to the public. This &hellip; <a href=\"https:\/\/risklogics.org\/fr\/events\/\" class=\"more-link\">Continuer la lecture de <span class=\"screen-reader-text\">Events<\/span><\/a><\/p>","protected":false},"author":127400573,"featured_media":0,"parent":0,"menu_order":0,"comment_status":"closed","ping_status":"closed","template":"","meta":{"_editorskit_title_hidden":false,"_editorskit_reading_time":1,"_editorskit_is_block_options_detached":false,"_editorskit_block_options_position":"{}","_coblocks_attr":"","_coblocks_dimensions":"","_coblocks_responsive_height":"","_coblocks_accordion_ie_support":"","_crdt_document":"","advanced_seo_description":"","jetpack_seo_html_title":"","jetpack_seo_noindex":false,"footnotes":""},"tags":[],"class_list":["post-552","page","type-page","status-publish","hentry","no-featured-image"],"jetpack_likes_enabled":true,"jetpack_sharing_enabled":true,"jetpack_shortlink":"https:\/\/wp.me\/Pd3Xs2-8U","amp_enabled":true,"_links":{"self":[{"href":"https:\/\/risklogics.org\/fr\/wp-json\/wp\/v2\/pages\/552","targetHints":{"allow":["GET"]}}],"collection":[{"href":"https:\/\/risklogics.org\/fr\/wp-json\/wp\/v2\/pages"}],"about":[{"href":"https:\/\/risklogics.org\/fr\/wp-json\/wp\/v2\/types\/page"}],"author":[{"embeddable":true,"href":"https:\/\/risklogics.org\/fr\/wp-json\/wp\/v2\/users\/127400573"}],"replies":[{"embeddable":true,"href":"https:\/\/risklogics.org\/fr\/wp-json\/wp\/v2\/comments?post=552"}],"version-history":[{"count":41,"href":"https:\/\/risklogics.org\/fr\/wp-json\/wp\/v2\/pages\/552\/revisions"}],"predecessor-version":[{"id":7375,"href":"https:\/\/risklogics.org\/fr\/wp-json\/wp\/v2\/pages\/552\/revisions\/7375"}],"wp:attachment":[{"href":"https:\/\/risklogics.org\/fr\/wp-json\/wp\/v2\/media?parent=552"}],"wp:term":[{"taxonomy":"post_tag","embeddable":true,"href":"https:\/\/risklogics.org\/fr\/wp-json\/wp\/v2\/tags?post=552"}],"curies":[{"name":"wp","href":"https:\/\/api.w.org\/{rel}","templated":true}]}}