{"id":861,"date":"2021-07-14T14:31:35","date_gmt":"2021-07-14T18:31:35","guid":{"rendered":"https:\/\/risklogics.org\/?page_id=861"},"modified":"2023-01-30T14:19:31","modified_gmt":"2023-01-30T19:19:31","slug":"louise-patrick-leroux","status":"publish","type":"page","link":"https:\/\/risklogics.org\/fr\/louise-patrick-leroux\/","title":{"rendered":"Louis Patrick Leroux"},"content":{"rendered":"<h4 class=\"wp-block-heading has-text-align-center\"><strong>Associate Professor, joint-appointment in English and French Studies<\/strong><\/h4>\n\n\n\n<div class=\"wp-block-columns is-layout-flex wp-container-core-columns-is-layout-8f761849 wp-block-columns-is-layout-flex\">\n<div class=\"wp-block-column is-layout-flow wp-block-column-is-layout-flow\">\n<figure class=\"wp-block-image size-large\"><img data-recalc-dims=\"1\" loading=\"lazy\" decoding=\"async\" width=\"712\" height=\"475\" data-attachment-id=\"349\" data-permalink=\"https:\/\/risklogics.org\/fr\/louis\/\" data-orig-file=\"https:\/\/i0.wp.com\/risklogics.org\/wp-content\/uploads\/2021\/06\/louis.jpeg?fit=1440%2C960&amp;ssl=1\" data-orig-size=\"1440,960\" data-comments-opened=\"1\" data-image-meta=\"{&quot;aperture&quot;:&quot;0&quot;,&quot;credit&quot;:&quot;&quot;,&quot;camera&quot;:&quot;&quot;,&quot;caption&quot;:&quot;&quot;,&quot;created_timestamp&quot;:&quot;0&quot;,&quot;copyright&quot;:&quot;&quot;,&quot;focal_length&quot;:&quot;0&quot;,&quot;iso&quot;:&quot;0&quot;,&quot;shutter_speed&quot;:&quot;0&quot;,&quot;title&quot;:&quot;&quot;,&quot;orientation&quot;:&quot;0&quot;}\" data-image-title=\"louis\" data-image-description=\"\" data-image-caption=\"\" data-large-file=\"https:\/\/i0.wp.com\/risklogics.org\/wp-content\/uploads\/2021\/06\/louis.jpeg?fit=712%2C475&amp;ssl=1\" src=\"https:\/\/i0.wp.com\/risklogics.org\/wp-content\/uploads\/2021\/06\/louis.jpeg?resize=712%2C475&#038;ssl=1\" alt=\"\" class=\"wp-image-349\"\/><\/figure>\n<\/div>\n\n\n\n<div class=\"wp-block-column is-layout-flow wp-block-column-is-layout-flow\">\n<p class=\"wp-block-paragraph\">Contact<\/p>\n\n\n\n<p class=\"wp-block-paragraph\" style=\"font-size:14px\">T: (514) 848-2424 ext. 5617<\/p>\n\n\n\n<p class=\"wp-block-paragraph\" style=\"font-size:14px\">E: <a href=\"mailto:patrick.leroux@concordia.ca\">patrick.leroux@concordia.ca<\/a><\/p>\n\n\n\n<p class=\"wp-block-paragraph\" style=\"font-size:14px\">W: <a rel=\"noreferrer noopener\" href=\"http:\/\/www.cead.qc.ca\/repw3\/lerouxlouispatrick.htm\" target=\"_blank\">CEAD site Web<\/a><br><a rel=\"noreferrer noopener\" href=\"http:\/\/content\/concordia\/en\/artsci\/english\/research\/bookshelf\/patrick-leroux.html\" target=\"_blank\">View my Bookshelf page<\/a><br><a rel=\"noreferrer noopener\" href=\"http:\/\/resonance.hexagram.ca\/\" target=\"_blank\">Resonance Lab<\/a><br><a rel=\"noreferrer noopener\" href=\"http:\/\/resonance.hexagram.ca\/circus\/\" target=\"_blank\">Montreal Working Group on Circus Research<\/a><br><a rel=\"noreferrer noopener\" href=\"http:\/\/sept-qc.org\/\" target=\"_blank\">Groupe Socio-esth\u00e9tique des pratiques th\u00e9\u00e2trales du Qu\u00e9bec contemporain<\/a><\/p>\n<\/div>\n\n\n\n<div class=\"wp-block-column is-layout-flow wp-block-column-is-layout-flow\">\n<p class=\"wp-block-paragraph\">Research interests<\/p>\n\n\n\n<ul class=\"wp-block-list\" style=\"font-size:18px\">\n<li>Risk<\/li>\n\n\n\n<li>Performance<\/li>\n\n\n\n<li>Circus<\/li>\n<\/ul>\n<\/div>\n<\/div>\n\n\n\n<p class=\"wp-block-paragraph\">After studies and a career in theatre, Patrick became interested in discourse analysis, research-creation and the writing of the body, more specifically interdisciplinary perspectives of  contemporary circus as it has emerged in Qu\u00e9bec. \u201cRisk\u201d and \u201cPerformance\u201d have become two fascinatingly loaded terms in the study of circus, both drawing from high performance sports training and the hybridization of many performing art forms. Risk has come to be expected and, indeed, spectacularized in this art form. Patrick is the founding director of the Montreal Working Group on Circus Research and is  involved research into the Cirque du Soleil\u2019s impact on Las Vegas and North American cultural industries; the state and conditions of reception of circus research in Qu\u00e9bec; and, most recently, circus dramaturgy and creative process at the National Circus School of Montreal,\u00a0where he is also an Associate Researcher and a guest teacher.<\/p>","protected":false},"excerpt":{"rendered":"<p>Associate Professor, joint-appointment in English and French Studies Contact T: (514) 848-2424 ext. 5617 E: patrick.leroux@concordia.ca W: CEAD site WebView my Bookshelf pageResonance LabMontreal Working Group on Circus ResearchGroupe Socio-esth\u00e9tique des pratiques th\u00e9\u00e2trales du Qu\u00e9bec contemporain Research interests After studies and a career in theatre, Patrick became interested in discourse analysis, research-creation and the writing &hellip; <a href=\"https:\/\/risklogics.org\/fr\/louise-patrick-leroux\/\" class=\"more-link\">Continuer la lecture de <span class=\"screen-reader-text\">Louis Patrick Leroux<\/span><\/a><\/p>","protected":false},"author":127400573,"featured_media":0,"parent":0,"menu_order":0,"comment_status":"closed","ping_status":"closed","template":"","meta":{"_editorskit_title_hidden":false,"_editorskit_reading_time":1,"_editorskit_is_block_options_detached":false,"_editorskit_block_options_position":"{}","_coblocks_attr":"","_coblocks_dimensions":"","_coblocks_responsive_height":"","_coblocks_accordion_ie_support":"","_crdt_document":"","advanced_seo_description":"","jetpack_seo_html_title":"","jetpack_seo_noindex":false,"footnotes":""},"tags":[],"class_list":["post-861","page","type-page","status-publish","hentry","no-featured-image"],"jetpack_likes_enabled":true,"jetpack_sharing_enabled":true,"jetpack_shortlink":"https:\/\/wp.me\/Pd3Xs2-dT","amp_enabled":true,"_links":{"self":[{"href":"https:\/\/risklogics.org\/fr\/wp-json\/wp\/v2\/pages\/861","targetHints":{"allow":["GET"]}}],"collection":[{"href":"https:\/\/risklogics.org\/fr\/wp-json\/wp\/v2\/pages"}],"about":[{"href":"https:\/\/risklogics.org\/fr\/wp-json\/wp\/v2\/types\/page"}],"author":[{"embeddable":true,"href":"https:\/\/risklogics.org\/fr\/wp-json\/wp\/v2\/users\/127400573"}],"replies":[{"embeddable":true,"href":"https:\/\/risklogics.org\/fr\/wp-json\/wp\/v2\/comments?post=861"}],"version-history":[{"count":7,"href":"https:\/\/risklogics.org\/fr\/wp-json\/wp\/v2\/pages\/861\/revisions"}],"predecessor-version":[{"id":2390,"href":"https:\/\/risklogics.org\/fr\/wp-json\/wp\/v2\/pages\/861\/revisions\/2390"}],"wp:attachment":[{"href":"https:\/\/risklogics.org\/fr\/wp-json\/wp\/v2\/media?parent=861"}],"wp:term":[{"taxonomy":"post_tag","embeddable":true,"href":"https:\/\/risklogics.org\/fr\/wp-json\/wp\/v2\/tags?post=861"}],"curies":[{"name":"wp","href":"https:\/\/api.w.org\/{rel}","templated":true}]}}